{"id":10941,"date":"2020-01-08T12:41:19","date_gmt":"2020-01-08T11:41:19","guid":{"rendered":"https:\/\/www.omida.ch\/?page_id=10941"},"modified":"2025-03-05T11:22:27","modified_gmt":"2025-03-05T10:22:27","slug":"omida-formazioni","status":"publish","type":"page","link":"https:\/\/ausbildung.omida.ch\/it\/omida-formazioni\/","title":{"rendered":"OMIDA formazioni"},"content":{"rendered":"[vc_row][vc_column][vc_column_text]\n<h2 class=\"h1\">Informazioni OMIDA formazioni<\/h2>\n[\/vc_column_text][vc_column_text]Con nostri corsi di Biochemica del Dr. Sch\u00fcssler hai la possibilit\u00e0 di verificare loro conoscenze e aggiornarle se necessario.[\/vc_column_text][\/vc_column][\/vc_row][vc_row el_class=&#8221;wk-schulungen&#8221;][vc_column][vc_column_text]\t\t<div class=\"wcs-timetable__wrapper\">\n\t\t\t<div class=\"wcs-timetable__container wcs-timetable--filters-center wcs-timetable--69d9056bcbc43\" data-wcs-layout='0'>\n\t\t\t\t\t<style type=\"text\/css\" scoped> .wcs-timetable--69d9056bcbc43.wcs-timetable__container{color:inherit}.wcs-timetable--69d9056bcbc43 .wcs-timetable{border-color:inherit}.wcs-timetable--69d9056bcbc43 .wcs-filters__title,.wcs-timetable--69d9056bcbc43 .wcs-filters__filter-wrapper:hover,.wcs-timetable--69d9056bcbc43 .wcs-filter:checked + span{color:#e72156}.wcs-timetable--69d9056bcbc43 .wcs-btn--action,.wcs-timetable--69d9056bcbc43 .wcs-btn--action:hover{background-color:#e72156;color:rgba( 255,255,255,1)}.wcs-modal[data-wcs-modal-id='69d9056bcbc43'] .wcs-btn--action,.wcs-modal[data-wcs-modal-id='69d9056bcbc43'] .wcs-btn--action:hover{background-color:#e72156;color:rgba( 255,255,255,1)}.wcs-timetable--69d9056bcbc43 .wcs-timetable--list .wcs-class__time{color:#e72156}<\/style><div class=\"wcs-timetable wcs-timetable--list\" data-wcs-method='0' data-wcs-start='1775837579' data-wcs-stop='' data-wcs-increment='0' data-wcs-modal='0' data-wcs-modal-data='{\"ending\":\"1\",\"duration\":\"1\",\"locations\":\"1\",\"instructors\":\"1\",\"dateformat\":\"j. F Y\"}' data-wcs-formatted='m\/d' data-wcs-modal-style='1' >\n\n\t<input type=\"hidden\" class=\"wcs-timetable__default_filters\" name=\"default_filters\" value=\"a:1:{i:0;a:2:{s:4:&quot;name&quot;;s:4:&quot;term&quot;;s:5:&quot;value&quot;;s:14:&quot;corso-italiano&quot;;}}\">\n\n\t\n\t<ul class=\"wcs-timetable__list wcs-timetable__parent\">\n\n\t\t\n\t\t<li class=\"wcs-class wcs-timetable__zero-data\">\n\t\t\t<div class=\"wcs-class__meta\">\n\t\t\t\t<div class=\"wcs-class__inner-flex\">\n\t\t\t\t\t<h3>no course available<\/h3>\n\t\t\t\t<\/div>\n\t\t\t<\/div>\n\t\t<\/li>\n\n\t\t\n\t<\/ul>\n\n\t\n<\/div>\n<script class=\"wcs-template\" type=\"text\/x-handlebars-template\">\n\t{{#each this}}\n\t\t<li class='wcs-class wcs-class--filterable {{css_classes}}' {{{data}}}>\n\t\t\t{{#if image}}<div class='wcs-class__image' style=\"background-image: url({{image}})\"><\/div>{{\/if}}\n\t\t\t<time datetime=\"{{datettime}}\" class=\"wcs-class__time\">\n\t\t\t\t<div class=\"wcs-class__innner-flex\">\n\t\t\t\t\t<span>{{date.day}}<\/span>\n\t\t\t\t\t<span>{{date.monthname}}<\/span>\n\t\t\t\t<\/div>\n\t\t\t<\/time>\n\t\t\t<div class=\"wcs-class__meta\">\n\t\t\t\t<div class=\"wcs-class__inner-flex\">\n\t\t\t\t\t{{#if title }}<h3 class=\"wcs-class__title\">{{{title}}}<\/h3>{{\/if}}\n\t\t\t\t\t<div class=\"wcs-class__time-duration\">\n\t\t\t\t\t\t\n\t\t\t\t\t\t\t{{date.dayname}}, {{date.hour}}<span class=\"wcs-addons--blink\">:<\/span>{{date.min}}\n\n\t\t\t\t\t\t\t\t\t\t\t\t\t\t\t\t\t\t{{#if rooms}}<span class='wcs-addons--pipe'><\/span> {{{rooms}}}{{\/if}}\n\t\t\t\t\t\t{{#if instructors}}<span class='wcs-addons--pipe'> <\/span> {{{instructors}}}{{\/if}}\n\t\t\t\t\t<\/div>\n\t\t\t\t\t\t\t\t\t<\/div>\n\t\t\t<\/div>\n\t\t\t<div class=\"wcs-class__action\">\n\t\t\t\t<div class=\"wcs-class__inner-flex\">\n\t\t\t\t\t\t\t\t\t\t{{#wcs_if_is status 0}}\n\t\t\t\t\t\t{{#if content}}\n\t\t\t\t\t\t\t<a href=\"#\" class=\"wcs-btn wcs-modal-call\" {{#if single_href}} data-wcs-href=\"{{single_href}}\" {{\/if}} title=\"{{title}}\" data-wcs-id='{{id}}' data-wcs-timestamp='{{timestamp}}' data-wcs-date='{{date.date}}' data-wcs-time-format='24' data-wcs-modal-id='69d9056bcbc43' >\n\t\t\t\t\t\t\t\tInfos\t\t\t\t\t\t\t<\/a>\n\t\t\t\t\t\t{{\/if}}\n\t\t\t\t\t{{\/wcs_if_is}}\n\t\t\t\t\t\t\t\t\t\t{{{button}}}\n\t\t\t\t\t{{{button_woo}}}\n\t\t\t\t<\/div>\n\t\t\t<\/div>\n\t\t<\/li>\n\t{{\/each}}\n<\/script>\n<script class=\"wcs-template-zero-data\" type=\"text\/x-handlebars-template\">\n\t<li class=\"wcs-timetable__zero-data wcs-timetable__zero-data-container\">\n\t\t<div class=\"wcs-class__meta\">\n\t\t\t<div class=\"wcs-class__inner-flex\">\n\t\t\t\t<h3>no course available<\/h3>\n\t\t\t<\/div>\n\t\t<\/div>\n\t<\/li>\n<\/script>\n\n\t\t\t<\/div>\n\t\t<\/div>\n\n\t\t[\/vc_column_text][\/vc_column][\/vc_row][vc_row][vc_column][vc_row_inner][vc_column_inner][vc_column_text][\/vc_column_text][vc_column_text]\n<h4><strong>TERMINI E CONDIZIONI<\/strong><\/h4>\n<p>&nbsp;<\/p>\n<p><strong>Condizioni di partecipazione<\/strong><\/p>\n<p>I nostri corsi di formazione sono rivolti esclusivamente al personale medico: Farmacisti, Assistenti di farmacia ES, Droghisti SSS, Droghisti ES, Apprendisti (dal secondo anno), Ostetriche SSS.<\/p>\n<p>&nbsp;<\/p>\n<p><strong>Attestato di formazione<\/strong><\/p>\n<p>Dopo aver frequentato i nostri corsi giornalieri, riceverete un attestato personale con l\u2019indicazione del contenuto e della durata del corso. Le conferme di partecipazione possono essere richieste per i corsi di formazione professionale serali.<\/p>\n<p>&nbsp;<\/p>\n<p><strong>Iscrizione<\/strong><\/p>\n<p>Vi preghiamo di iscrivervi elettronicamente. Le iscrizioni saranno considerate nell\u2019ordine in cui sono state ricevute.\u00a0Ogni iscrizione valida \u00e8 vincolante. In caso di numero insufficiente di partecipanti, il corso non si terr\u00e0 e i costi saranno rimborsati. La cancellazione sar\u00e0 comunicata fino a due settimane prima del primo giorno del corso.<\/p>\n<p>&nbsp;<\/p>\n<p><strong>Regolamento sulla cancellazione<\/strong><\/p>\n<p>Se non siete in grado di frequentare un corso, vi preghiamo di comunicarcelo il prima possibile. La cancellazione deve essere effettuata in ogni caso per iscritto. \u00c8 possibile trasferire il posto del corso a un\u2019altra persona, a condizione che questa soddisfi i requisiti per la partecipazione al corso. Le spese di recesso sono le seguenti:<\/p>\n<p>A partire da 30 giorni prima dell\u2019inizio della formazione: 50% dei costi del corso<br \/>\nA partire da 10 giorni prima dell\u2019inizio della formazione: 100% dei costi del corso<\/p>\n<p>&nbsp;<\/p>\n<p><strong>Protezione dei dati<\/strong><\/p>\n<p>I dati personali che ci fornirete nell\u2019ambito di questa iscrizione saranno utilizzati solo per elaborare la vostra iscrizione e partecipazione. Non saranno trasmessi a terzi. Potete informarvi in qualsiasi momento sui dati memorizzati relativi alla vostra persona. Informazioni dettagliate sulla protezione dei dati e sul trattamento dei dati personali si trovano nell&#8217;informativa sulla protezione dei dati all&#8217;indirizzo www.omida.ch.[\/vc_column_text][\/vc_column_inner][\/vc_row_inner][\/vc_column][vc_column][\/vc_column][\/vc_row]\n","protected":false},"excerpt":{"rendered":"<p>[vc_row][vc_column][vc_column_text] Informazioni OMIDA formazioni [\/vc_column_text][vc_column_text]Con nostri corsi di Biochemica del Dr. Sch\u00fcssler hai la possibilit\u00e0 di verificare loro conoscenze e aggiornarle se necessario.[\/vc_column_text][\/vc_column][\/vc_row][vc_row el_class=&#8221;wk-schulungen&#8221;][vc_column][vc_column_text][\/vc_column_text][\/vc_column][\/vc_row][vc_row][vc_column][vc_row_inner][vc_column_inner][vc_column_text][\/vc_column_text][vc_column_text] TERMINI E CONDIZIONI &nbsp; Condizioni di partecipazione I nostri corsi di formazione sono rivolti esclusivamente al personale medico: Farmacisti, Assistenti di farmacia ES, Droghisti SSS, Droghisti ES, Apprendisti (dal secondo anno),&hellip;<\/p>\n","protected":false},"author":12,"featured_media":0,"parent":0,"menu_order":0,"comment_status":"closed","ping_status":"closed","template":"","meta":[],"acf":[],"yoast_head":"<!-- This site is optimized with the Yoast SEO plugin v19.13 - https:\/\/yoast.com\/wordpress\/plugins\/seo\/ -->\n<title>OMIDA formazioni - Omida<\/title>\n<meta name=\"robots\" content=\"index, follow, max-snippet:-1, max-image-preview:large, max-video-preview:-1\" \/>\n<link rel=\"canonical\" href=\"https:\/\/ausbildung.omida.ch\/it\/omida-formazioni\/\" \/>\n<meta property=\"og:locale\" content=\"it_IT\" \/>\n<meta property=\"og:type\" content=\"article\" \/>\n<meta property=\"og:title\" content=\"OMIDA formazioni - Omida\" \/>\n<meta property=\"og:description\" content=\"[vc_row][vc_column][vc_column_text] Informazioni OMIDA formazioni [\/vc_column_text][vc_column_text]Con nostri corsi di Biochemica del Dr. Sch\u00fcssler hai la possibilit\u00e0 di verificare loro conoscenze e aggiornarle se necessario.[\/vc_column_text][\/vc_column][\/vc_row][vc_row el_class=&#8221;wk-schulungen&#8221;][vc_column][vc_column_text][\/vc_column_text][\/vc_column][\/vc_row][vc_row][vc_column][vc_row_inner][vc_column_inner][vc_column_text][\/vc_column_text][vc_column_text] TERMINI E CONDIZIONI &nbsp; Condizioni di partecipazione I nostri corsi di formazione sono rivolti esclusivamente al personale medico: Farmacisti, Assistenti di farmacia ES, Droghisti SSS, Droghisti ES, Apprendisti (dal secondo anno),&hellip;\" \/>\n<meta property=\"og:url\" content=\"https:\/\/ausbildung.omida.ch\/it\/omida-formazioni\/\" \/>\n<meta property=\"og:site_name\" content=\"Omida\" \/>\n<meta property=\"article:modified_time\" content=\"2025-03-05T10:22:27+00:00\" \/>\n<meta name=\"twitter:card\" content=\"summary_large_image\" \/>\n<meta name=\"twitter:label1\" content=\"Tempo di lettura stimato\" \/>\n\t<meta name=\"twitter:data1\" content=\"2 minuti\" \/>\n<script type=\"application\/ld+json\" class=\"yoast-schema-graph\">{\"@context\":\"https:\/\/schema.org\",\"@graph\":[{\"@type\":\"WebPage\",\"@id\":\"https:\/\/ausbildung.omida.ch\/it\/omida-formazioni\/\",\"url\":\"https:\/\/ausbildung.omida.ch\/it\/omida-formazioni\/\",\"name\":\"OMIDA formazioni - Omida\",\"isPartOf\":{\"@id\":\"https:\/\/ausbildung.omida.ch\/it\/#website\"},\"datePublished\":\"2020-01-08T11:41:19+00:00\",\"dateModified\":\"2025-03-05T10:22:27+00:00\",\"breadcrumb\":{\"@id\":\"https:\/\/ausbildung.omida.ch\/it\/omida-formazioni\/#breadcrumb\"},\"inLanguage\":\"it-IT\",\"potentialAction\":[{\"@type\":\"ReadAction\",\"target\":[\"https:\/\/ausbildung.omida.ch\/it\/omida-formazioni\/\"]}]},{\"@type\":\"BreadcrumbList\",\"@id\":\"https:\/\/ausbildung.omida.ch\/it\/omida-formazioni\/#breadcrumb\",\"itemListElement\":[{\"@type\":\"ListItem\",\"position\":1,\"name\":\"Home\",\"item\":\"https:\/\/ausbildung.omida.ch\/it\/\"},{\"@type\":\"ListItem\",\"position\":2,\"name\":\"OMIDA formazioni\"}]},{\"@type\":\"WebSite\",\"@id\":\"https:\/\/ausbildung.omida.ch\/it\/#website\",\"url\":\"https:\/\/ausbildung.omida.ch\/it\/\",\"name\":\"Omida\",\"description\":\"Hom\u00f6opathie und Sch\u00fcssler Salze\",\"publisher\":{\"@id\":\"https:\/\/ausbildung.omida.ch\/it\/#organization\"},\"potentialAction\":[{\"@type\":\"SearchAction\",\"target\":{\"@type\":\"EntryPoint\",\"urlTemplate\":\"https:\/\/ausbildung.omida.ch\/it\/?s={search_term_string}\"},\"query-input\":\"required name=search_term_string\"}],\"inLanguage\":\"it-IT\"},{\"@type\":\"Organization\",\"@id\":\"https:\/\/ausbildung.omida.ch\/it\/#organization\",\"name\":\"OMIDA AG\",\"url\":\"https:\/\/ausbildung.omida.ch\/it\/\",\"logo\":{\"@type\":\"ImageObject\",\"inLanguage\":\"it-IT\",\"@id\":\"https:\/\/ausbildung.omida.ch\/it\/#\/schema\/logo\/image\/\",\"url\":\"https:\/\/ausbildung.omida.chwp-content\/uploads\/2019\/10\/OMIDA_Logo.png\",\"contentUrl\":\"https:\/\/ausbildung.omida.chwp-content\/uploads\/2019\/10\/OMIDA_Logo.png\",\"width\":280,\"height\":80,\"caption\":\"OMIDA AG\"},\"image\":{\"@id\":\"https:\/\/ausbildung.omida.ch\/it\/#\/schema\/logo\/image\/\"}}]}<\/script>\n<!-- \/ Yoast SEO plugin. -->","yoast_head_json":{"title":"OMIDA formazioni - Omida","robots":{"index":"index","follow":"follow","max-snippet":"max-snippet:-1","max-image-preview":"max-image-preview:large","max-video-preview":"max-video-preview:-1"},"canonical":"https:\/\/ausbildung.omida.ch\/it\/omida-formazioni\/","og_locale":"it_IT","og_type":"article","og_title":"OMIDA formazioni - Omida","og_description":"[vc_row][vc_column][vc_column_text] Informazioni OMIDA formazioni [\/vc_column_text][vc_column_text]Con nostri corsi di Biochemica del Dr. Sch\u00fcssler hai la possibilit\u00e0 di verificare loro conoscenze e aggiornarle se necessario.[\/vc_column_text][\/vc_column][\/vc_row][vc_row el_class=&#8221;wk-schulungen&#8221;][vc_column][vc_column_text][\/vc_column_text][\/vc_column][\/vc_row][vc_row][vc_column][vc_row_inner][vc_column_inner][vc_column_text][\/vc_column_text][vc_column_text] TERMINI E CONDIZIONI &nbsp; Condizioni di partecipazione I nostri corsi di formazione sono rivolti esclusivamente al personale medico: Farmacisti, Assistenti di farmacia ES, Droghisti SSS, Droghisti ES, Apprendisti (dal secondo anno),&hellip;","og_url":"https:\/\/ausbildung.omida.ch\/it\/omida-formazioni\/","og_site_name":"Omida","article_modified_time":"2025-03-05T10:22:27+00:00","twitter_card":"summary_large_image","twitter_misc":{"Tempo di lettura stimato":"2 minuti"},"schema":{"@context":"https:\/\/schema.org","@graph":[{"@type":"WebPage","@id":"https:\/\/ausbildung.omida.ch\/it\/omida-formazioni\/","url":"https:\/\/ausbildung.omida.ch\/it\/omida-formazioni\/","name":"OMIDA formazioni - Omida","isPartOf":{"@id":"https:\/\/ausbildung.omida.ch\/it\/#website"},"datePublished":"2020-01-08T11:41:19+00:00","dateModified":"2025-03-05T10:22:27+00:00","breadcrumb":{"@id":"https:\/\/ausbildung.omida.ch\/it\/omida-formazioni\/#breadcrumb"},"inLanguage":"it-IT","potentialAction":[{"@type":"ReadAction","target":["https:\/\/ausbildung.omida.ch\/it\/omida-formazioni\/"]}]},{"@type":"BreadcrumbList","@id":"https:\/\/ausbildung.omida.ch\/it\/omida-formazioni\/#breadcrumb","itemListElement":[{"@type":"ListItem","position":1,"name":"Home","item":"https:\/\/ausbildung.omida.ch\/it\/"},{"@type":"ListItem","position":2,"name":"OMIDA formazioni"}]},{"@type":"WebSite","@id":"https:\/\/ausbildung.omida.ch\/it\/#website","url":"https:\/\/ausbildung.omida.ch\/it\/","name":"Omida","description":"Hom\u00f6opathie und Sch\u00fcssler Salze","publisher":{"@id":"https:\/\/ausbildung.omida.ch\/it\/#organization"},"potentialAction":[{"@type":"SearchAction","target":{"@type":"EntryPoint","urlTemplate":"https:\/\/ausbildung.omida.ch\/it\/?s={search_term_string}"},"query-input":"required name=search_term_string"}],"inLanguage":"it-IT"},{"@type":"Organization","@id":"https:\/\/ausbildung.omida.ch\/it\/#organization","name":"OMIDA AG","url":"https:\/\/ausbildung.omida.ch\/it\/","logo":{"@type":"ImageObject","inLanguage":"it-IT","@id":"https:\/\/ausbildung.omida.ch\/it\/#\/schema\/logo\/image\/","url":"https:\/\/ausbildung.omida.chwp-content\/uploads\/2019\/10\/OMIDA_Logo.png","contentUrl":"https:\/\/ausbildung.omida.chwp-content\/uploads\/2019\/10\/OMIDA_Logo.png","width":280,"height":80,"caption":"OMIDA AG"},"image":{"@id":"https:\/\/ausbildung.omida.ch\/it\/#\/schema\/logo\/image\/"}}]}},"_links":{"self":[{"href":"https:\/\/ausbildung.omida.ch\/it\/wp-json\/wp\/v2\/pages\/10941"}],"collection":[{"href":"https:\/\/ausbildung.omida.ch\/it\/wp-json\/wp\/v2\/pages"}],"about":[{"href":"https:\/\/ausbildung.omida.ch\/it\/wp-json\/wp\/v2\/types\/page"}],"author":[{"embeddable":true,"href":"https:\/\/ausbildung.omida.ch\/it\/wp-json\/wp\/v2\/users\/12"}],"replies":[{"embeddable":true,"href":"https:\/\/ausbildung.omida.ch\/it\/wp-json\/wp\/v2\/comments?post=10941"}],"version-history":[{"count":8,"href":"https:\/\/ausbildung.omida.ch\/it\/wp-json\/wp\/v2\/pages\/10941\/revisions"}],"predecessor-version":[{"id":17200,"href":"https:\/\/ausbildung.omida.ch\/it\/wp-json\/wp\/v2\/pages\/10941\/revisions\/17200"}],"wp:attachment":[{"href":"https:\/\/ausbildung.omida.ch\/it\/wp-json\/wp\/v2\/media?parent=10941"}],"curies":[{"name":"wp","href":"https:\/\/api.w.org\/{rel}","templated":true}]}}